{"id":877,"date":"2024-06-17T13:52:00","date_gmt":"2024-06-17T11:52:00","guid":{"rendered":"https:\/\/planazos.miramarcc.com\/privacy-policy\/"},"modified":"2024-09-18T18:33:23","modified_gmt":"2024-09-18T16:33:23","slug":"privacy-policy","status":"publish","type":"page","link":"https:\/\/planazos.miramarcc.com\/en\/privacy-policy\/","title":{"rendered":"Privacy Policy"},"content":{"rendered":"\t\t<div data-elementor-type=\"wp-page\" data-elementor-id=\"877\" class=\"elementor elementor-877 elementor-3\">\n\t\t\t\t<div class=\"elementor-element elementor-element-73af07ad e-flex e-con-boxed wpr-particle-no wpr-jarallax-no wpr-parallax-no wpr-sticky-section-no e-con e-parent\" data-id=\"73af07ad\" data-element_type=\"container\" data-e-type=\"container\">\n\t\t\t\t\t<div class=\"e-con-inner\">\n\t\t\t\t<div class=\"elementor-element elementor-element-2f9fd22 elementor-widget elementor-widget-heading\" data-id=\"2f9fd22\" data-element_type=\"widget\" data-e-type=\"widget\" data-widget_type=\"heading.default\">\n\t\t\t\t<div class=\"elementor-widget-container\">\n\t\t\t\t\t<h1 class=\"elementor-heading-title elementor-size-default\">Privacy PolicyPOL\u00cdTICA DE PRIVACIDAD<\/h1>\t\t\t\t<\/div>\n\t\t\t\t<\/div>\n\t\t\t\t<div class=\"elementor-element elementor-element-1a25f4a6 elementor-widget elementor-widget-text-editor\" data-id=\"1a25f4a6\" data-element_type=\"widget\" data-e-type=\"widget\" data-widget_type=\"text-editor.default\">\n\t\t\t\t<div class=\"elementor-widget-container\">\n\t\t\t\t\t\t\t\t\t<p><\/p>\n<p>LA COMUNIDAD DE PROPIETARIOS PARQUE MIRAMAR DE FUENGIROLA (en adelante, CENTRO COMERCIAL MIRAMAR) es consciente de la importancia de garantizar el derecho a la protecci\u00f3n de datos de los Usuarios y, en este contexto, en cumplimiento de lo previsto en el Reglamento (UE) 2016\/679 del Parlamento Europeo y del Consejo, de 27 de abril de 2016, relativo a la protecci\u00f3n de las personas f\u00edsicas en lo que respecta al tratamiento de datos personales y a la libre circulaci\u00f3n de estos datos (RGPD), as\u00ed como en cumplimiento de lo previsto en la Ley Org\u00e1nica 3\/2018, de 5 de diciembre, de Protecci\u00f3n de Datos Personales y garant\u00eda de los derechos digitales (LOPDGDD), se informa a continuaci\u00f3n sobre los siguientes aspectos relacionados con el tratamiento de datos de car\u00e1cter personal.<\/p>\n<p><strong><span style=\"color: var( --e-global-color-text ); font-family: var( --e-global-typography-text-font-family ), Sans-serif; text-align: var(--text-align); background-color: var( --e-global-color-674b256 ); font-size: var(--bs-body-font-size);\">RESPONSABLE DEL TRATAMIENTO Y FINALIDAD<\/span><\/strong><\/p>\n<p><span style=\"color: var( --e-global-color-text ); font-family: var( --e-global-typography-text-font-family ), Sans-serif; font-weight: var( --e-global-typography-text-font-weight ); text-align: var(--text-align); background-color: var( --e-global-color-674b256 ); font-size: var(--bs-body-font-size);\">El CENTRO COMERCIAL MIRAMAR con NIF: H-92.535.319; domicilio social: Avenida de la Encarnaci\u00f3n s\/n, CP 29640, Fuengirola, M\u00e1laga (Espa\u00f1a); tel\u00e9fono: 952 19 81 95; fax: 952 19 74 83; e-mail: <\/span><a style=\"font-family: var( --e-global-typography-text-font-family ), Sans-serif; font-weight: var( --e-global-typography-text-font-weight ); text-align: var(--text-align); font-size: var(--bs-body-font-size);\" href=\"mailto:comunicacion@miramarcc.com\">comunicacion@miramarcc.com<\/a><span style=\"color: var( --e-global-color-text ); font-family: var( --e-global-typography-text-font-family ), Sans-serif; font-weight: var( --e-global-typography-text-font-weight ); text-align: var(--text-align); background-color: var( --e-global-color-674b256 ); font-size: var(--bs-body-font-size);\">, trata los datos personales de los Compradores para gestionar el correcto funcionamiento del Marketplace y el proceso de registro de usuarios.<\/span><\/p>\n<p>En los casos en los que el Comprador haya facilitado su consentimiento inequ\u00edvoco, el CENTRO COMERCIAL MIRAMAR tratar\u00e1 sus datos identificativos y de contacto para enviarle informaci\u00f3n personalizada sobre las novedades del Centro Comercial. Esta informaci\u00f3n se podr\u00e1 enviar por v\u00eda postal, telef\u00f3nica y\/o electr\u00f3nica, y puede implicar el env\u00edo de informaci\u00f3n personalizada en base a sus preferencias. Este tratamiento de datos puede implicar el an\u00e1lisis del perfil de usuario o cliente para determinar cu\u00e1les son sus preferencias y, por tanto, cu\u00e1les pueden ser los productos y servicios que m\u00e1s encajan con sus h\u00e1bitos de navegaci\u00f3n y compra a la hora de enviarle informaci\u00f3n. Por ejemplo, en base a su historial de compra y navegaci\u00f3n, podremos personalizar nuestras sugerencias acerca de productos y servicios que creemos que pueden interesarle. El interesado puede oponerse a este tratamiento enviando un email a <a href=\"mailto:rgpd@miramarcc.com\">rgpd@miramarcc.com<\/a>.     <\/p>\n<p>Por su parte, el Vendedor tratar\u00e1 los datos personales del Comprador que adquiera alguno de los productos que comercialice a trav\u00e9s del Marketplace. A este respecto, el Vendedor tratar\u00e1 estos datos en calidad de responsable del tratamiento, de conformidad con los derechos y obligaciones establecidos en la normativa de protecci\u00f3n de datos. <\/p>\n<p> <\/p>\n<p><strong>VERACIDAD DE LA INFORMACI\u00d3N APORTADA <\/strong>                                  <\/p>\n<p>Toda la informaci\u00f3n que facilite el Comprador deber\u00e1 ser veraz y exacta. A estos efectos, el Comprador garantiza la autenticidad de todos aquellos datos que aporte como consecuencia de la cumplimentaci\u00f3n de los formularios correspondientes. De igual forma, ser\u00e1 responsabilidad del Comprador mantener toda la informaci\u00f3n facilitada a CENTRO COMERCIAL MIRAMAR actualizada, de forma que responda, en cada momento, a su situaci\u00f3n real. En todo caso, el Comprador ser\u00e1 el \u00fanico responsable de las manifestaciones falsas o inexactas que realice, y de los perjuicios que cause a CENTRO COMERCIAL MIRAMAR, al Vendedor o a terceros, por la informaci\u00f3n que facilite. El Comprador garantiza que es el titular de la informaci\u00f3n aportada en el proceso de compra o, en su defecto, cuenta con autorizaci\u00f3n v\u00e1lida en derecho, del titular de la informaci\u00f3n. En el caso de que existan dudas sobre la autenticidad de los datos aportados, CENTRO COMERCIAL MIRAMAR podr\u00e1 solicitar la informaci\u00f3n estrictamente necesaria para garantizar que el proceso de venta se formalice con las m\u00e1ximas garant\u00edas para las partes.     <\/p>\n<p> <\/p>\n<p><strong>UTILIZACI\u00d3N DEL SITIO WEB POR MENORES <\/strong>                                    <\/p>\n<p>El Comprador s\u00f3lo podr\u00e1 contratar si es mayor de edad y\/o tiene capacidad jur\u00eddica para vincularse. En caso contrario, la responsabilidad de la realizaci\u00f3n de pedidos correr\u00e1 a cargo de los padres o los tutores legales. <\/p>\n<p><u> <\/u><\/p>\n<p><strong>BASE QUE LEGITIMA EL TRATAMIENTO<\/strong><\/p>\n<p>La base que legitima el tratamiento de datos relacionados con el proceso de contrataci\u00f3n es la ejecuci\u00f3n de la relaci\u00f3n contractual entre las partes. <\/p>\n<p>En los casos en los que el Comprador haya manifestado su consentimiento inequ\u00edvoco para la recepci\u00f3n de comunicaciones comerciales, la base que legitima el tratamiento es el consentimiento prestado. En cada comunicaci\u00f3n comercial que le remitamos le daremos la posibilidad de darse de baja en la recepci\u00f3n de nuevas comunicaciones, de un modo f\u00e1cil, sencillo y gratuito. <\/p>\n<p><u> <\/u><\/p>\n<p><strong>CONSERVACI\u00d3N DE LOS DATOS <\/strong>                                               <\/p>\n<p>La informaci\u00f3n facilitada por el Comprador se tratar\u00e1 durante el plazo en el que se mantenga activo el registro en el Marketplace; el Comprador podr\u00e1 solicitar en cualquier momento su baja como usuario registrado, enviando email a <a href=\"mailto:rgpd@miramarcc.com\">rgpd@miramarcc.com<\/a>; posteriormente la informaci\u00f3n se conservar\u00e1 bloqueada durante el plazo de prescripci\u00f3n de acciones legales y superado dicho periodo se suprimir\u00e1.<\/p>\n<p>En los casos en los que el Comprador haya manifestado su consentimiento inequ\u00edvoco para la recepci\u00f3n de comunicaciones comerciales, la informaci\u00f3n se conservar\u00e1 de manera indefinida a menos que el Comprador solicite que no le enviemos nuevas comunicaciones, en cuyo caso procederemos a darle de baja de manera inmediata de la lista de distribuci\u00f3n de dichas comunicaciones comerciales.<\/p>\n<p><u> <\/u><\/p>\n<p><strong>DESTINATARIOS DE LOS DATOS <\/strong>                                              <\/p>\n<p>El tratamiento de la informaci\u00f3n recabada a trav\u00e9s del presente sitio web no implica transferencia internacional de datos. Los datos personales y de pedido ser\u00e1n comunicados al Vendedor del servicio adquirido por el Comprador, con el fin de coordinar el acceso al servicio contratado. <\/p>\n<p><u> <\/u><\/p>\n<p><strong>EJERCICIO DE DERECHOS <\/strong>                                         <\/p>\n<p>El Comprador tiene derecho a acceder a sus datos personales, as\u00ed como a solicitar la rectificaci\u00f3n de los datos inexactos o, en su caso, solicitar su supresi\u00f3n cuando, entre otros motivos, los datos ya no sean necesarios para los fines que fueron recogidos. El Comprador podr\u00e1 solicitar la limitaci\u00f3n del tratamiento de sus datos, en cuyo caso CENTRO COMERCIAL MIRAMAR solo los conservar\u00e1 para el ejercicio o la defensa de reclamaciones. En determinadas circunstancias y por motivos relacionados con su situaci\u00f3n particular, el Comprador podr\u00e1 oponerse al tratamiento de sus datos. En este caso, la Empresa dejar\u00e1 de tratar los datos, salvo por motivos leg\u00edtimos, o el ejercicio o la defensa de posibles reclamaciones. Por \u00faltimo, se informa sobre el derecho de portabilidad previsto en el RGPD con el fin de que los datos del Comprador puedan ser facilitados al Responsable del tratamiento que este nos indique. Para hacer efectivo estos derechos, el Comprador puede optar por enviar un email a <a href=\"mailto:rgpd@ccmiramar.com\">rgpd@ccmiramar.com<\/a> o remitir carta a la siguiente direcci\u00f3n: Avenida de la Encarnaci\u00f3n s\/n, CP 29640, Fuengirola, M\u00e1laga (Espa\u00f1a).     <\/p>\n<p> <\/p>\n<p><strong>COMUNICACI\u00d3N DE INCIDENCIAS <\/strong>                                         <\/p>\n<p>En los casos en los que el Comprador considere que durante el tratamiento de datos por parte de CENTRO COMERCIAL MIRAMAR se han vulnerado sus derechos en materia de protecci\u00f3n de datos, especialmente cuando no haya obtenido satisfacci\u00f3n en el ejercicio de sus derechos, podr\u00e1 presentar una reclamaci\u00f3n ante la Autoridad de Control en materia de Protecci\u00f3n de Datos competente (Agencia Espa\u00f1ola de Protecci\u00f3n de Datos- <a href=\"http:\/\/www.aepd.es\">www.aepd.es<\/a>).<\/p>\n<p> <\/p>\n<p><strong>MODIFICACIONES EN LA POL\u00cdTICA DE PRIVACIDAD <\/strong>                                                                                            <\/p>\n<p>CENTRO COMERCIAL MIRAMAR se reserva el derecho a modificar la presente Pol\u00edtica de Privacidad para adaptarla a novedades legislativas o jurisprudenciales, as\u00ed como a pr\u00e1cticas de la industria. En dichos supuestos, CENTRO COMERCIAL MIRAMAR anunciar\u00e1 en esta p\u00e1gina los cambios introducidos con razonable antelaci\u00f3n a su puesta en pr\u00e1ctica. <\/p>\n<p> <\/p>\n<p>Fecha de la \u00faltima actualizaci\u00f3n: Julio 2024<\/p>\t\t\t\t\t\t\t\t<\/div>\n\t\t\t\t<\/div>\n\t\t\t\t\t<\/div>\n\t\t\t\t<\/div>\n\t\t\t\t<\/div>\n\t\t","protected":false},"excerpt":{"rendered":"<p>Privacy PolicyPOL\u00cdTICA DE PRIVACIDAD LA COMUNIDAD DE PROPIETARIOS PARQUE MIRAMAR DE FUENGIROLA (en adelante, CENTRO COMERCIAL MIRAMAR) es consciente de la importancia de garantizar el derecho a la protecci\u00f3n de datos de los Usuarios y, en este contexto, en cumplimiento de lo previsto en el Reglamento (UE) 2016\/679 del Parlamento Europeo y del Consejo, de 27 de abril de 2016, relativo a la protecci\u00f3n de las personas f\u00edsicas en lo que respecta al tratamiento de datos personales y a la libre circulaci\u00f3n de estos datos (RGPD), as\u00ed como en cumplimiento de lo previsto en la Ley Org\u00e1nica 3\/2018, de 5 de diciembre, de Protecci\u00f3n de Datos Personales y garant\u00eda de los derechos digitales (LOPDGDD), se informa a continuaci\u00f3n sobre los siguientes aspectos relacionados con el tratamiento de datos de car\u00e1cter personal. RESPONSABLE DEL TRATAMIENTO Y FINALIDAD El CENTRO COMERCIAL MIRAMAR con NIF: H-92.535.319; domicilio social: Avenida de la Encarnaci\u00f3n s\/n, CP 29640, Fuengirola, M\u00e1laga (Espa\u00f1a); tel\u00e9fono: 952 19 81 95; fax: 952 19 74 83; e-mail: comunicacion@miramarcc.com, trata los datos personales de los Compradores para gestionar el correcto funcionamiento del Marketplace y el proceso de registro de usuarios. En los casos en los que el Comprador haya facilitado su consentimiento inequ\u00edvoco, el CENTRO COMERCIAL MIRAMAR tratar\u00e1 sus datos identificativos y de contacto para enviarle informaci\u00f3n personalizada sobre las novedades del Centro Comercial. Esta informaci\u00f3n se podr\u00e1 enviar por v\u00eda postal, telef\u00f3nica y\/o electr\u00f3nica, y puede implicar el env\u00edo de informaci\u00f3n personalizada en base a sus preferencias. Este tratamiento de datos puede implicar el an\u00e1lisis del perfil de usuario o cliente para determinar cu\u00e1les son sus preferencias y, por tanto, cu\u00e1les pueden ser los productos y servicios que m\u00e1s encajan con sus h\u00e1bitos de navegaci\u00f3n y compra a la hora de enviarle informaci\u00f3n. Por ejemplo, en base a su historial de compra y navegaci\u00f3n, podremos personalizar nuestras sugerencias acerca de productos y servicios que creemos que pueden interesarle. El interesado puede oponerse a este tratamiento enviando un email a rgpd@miramarcc.com. Por su parte, el Vendedor tratar\u00e1 los datos personales del Comprador que adquiera alguno de los productos que comercialice a trav\u00e9s del Marketplace. A este respecto, el Vendedor tratar\u00e1 estos datos en calidad de responsable del tratamiento, de conformidad con los derechos y obligaciones establecidos en la normativa de protecci\u00f3n de datos. VERACIDAD DE LA INFORMACI\u00d3N APORTADA Toda la informaci\u00f3n que facilite el Comprador deber\u00e1 ser veraz y exacta. A estos efectos, el Comprador garantiza la autenticidad de todos aquellos datos que aporte como consecuencia de la cumplimentaci\u00f3n de los formularios correspondientes. De igual forma, ser\u00e1 responsabilidad del Comprador mantener toda la informaci\u00f3n facilitada a CENTRO COMERCIAL MIRAMAR actualizada, de forma que responda, en cada momento, a su situaci\u00f3n real. En todo caso, el Comprador ser\u00e1 el \u00fanico responsable de las manifestaciones falsas o inexactas que realice, y de los perjuicios que cause a CENTRO COMERCIAL MIRAMAR, al Vendedor o a terceros, por la informaci\u00f3n que facilite. El Comprador garantiza que es el titular de la informaci\u00f3n aportada en el proceso de compra o, en su defecto, cuenta con autorizaci\u00f3n v\u00e1lida en derecho, del titular de la informaci\u00f3n. En el caso de que existan dudas sobre la autenticidad de los datos aportados, CENTRO COMERCIAL MIRAMAR podr\u00e1 solicitar la informaci\u00f3n estrictamente necesaria para garantizar que el proceso de venta se formalice con las m\u00e1ximas garant\u00edas para las partes. UTILIZACI\u00d3N DEL SITIO WEB POR MENORES El Comprador s\u00f3lo podr\u00e1 contratar si es mayor de edad y\/o tiene capacidad jur\u00eddica para vincularse. En caso contrario, la responsabilidad de la realizaci\u00f3n de pedidos correr\u00e1 a cargo de los padres o los tutores legales. BASE QUE LEGITIMA EL TRATAMIENTO La base que legitima el tratamiento de datos relacionados con el proceso de contrataci\u00f3n es la ejecuci\u00f3n de la relaci\u00f3n contractual entre las partes. En los casos en los que el Comprador haya manifestado su consentimiento inequ\u00edvoco para la recepci\u00f3n de comunicaciones comerciales, la base que legitima el tratamiento es el consentimiento prestado. En cada comunicaci\u00f3n comercial que le remitamos le daremos la posibilidad de darse de baja en la recepci\u00f3n de nuevas comunicaciones, de un modo f\u00e1cil, sencillo y gratuito. CONSERVACI\u00d3N DE LOS DATOS La informaci\u00f3n facilitada por el Comprador se tratar\u00e1 durante el plazo en el que se mantenga activo el registro en el Marketplace; el Comprador podr\u00e1 solicitar en cualquier momento su baja como usuario registrado, enviando email a rgpd@miramarcc.com; posteriormente la informaci\u00f3n se conservar\u00e1 bloqueada durante el plazo de prescripci\u00f3n de acciones legales y superado dicho periodo se suprimir\u00e1. En los casos en los que el Comprador haya manifestado su consentimiento inequ\u00edvoco para la recepci\u00f3n de comunicaciones comerciales, la informaci\u00f3n se conservar\u00e1 de manera indefinida a menos que el Comprador solicite que no le enviemos nuevas comunicaciones, en cuyo caso procederemos a darle de baja de manera inmediata de la lista de distribuci\u00f3n de dichas comunicaciones comerciales. DESTINATARIOS DE LOS DATOS El tratamiento de la informaci\u00f3n recabada a trav\u00e9s del presente sitio web no implica transferencia internacional de datos. Los datos personales y de pedido ser\u00e1n comunicados al Vendedor del servicio adquirido por el Comprador, con el fin de coordinar el acceso al servicio contratado. EJERCICIO DE DERECHOS El Comprador tiene derecho a acceder a sus datos personales, as\u00ed como a solicitar la rectificaci\u00f3n de los datos inexactos o, en su caso, solicitar su supresi\u00f3n cuando, entre otros motivos, los datos ya no sean necesarios para los fines que fueron recogidos. El Comprador podr\u00e1 solicitar la limitaci\u00f3n del tratamiento de sus datos, en cuyo caso CENTRO COMERCIAL MIRAMAR solo los conservar\u00e1 para el ejercicio o la defensa de reclamaciones. En determinadas circunstancias y por motivos relacionados con su situaci\u00f3n particular, el Comprador podr\u00e1 oponerse al tratamiento de sus datos. En este caso, la Empresa dejar\u00e1 de tratar los datos, salvo por motivos leg\u00edtimos, o el ejercicio o la defensa de posibles reclamaciones. Por \u00faltimo, se informa sobre el derecho de portabilidad previsto en el RGPD con el fin de que los datos del Comprador puedan ser facilitados al Responsable del tratamiento que<\/p>\n","protected":false},"author":1,"featured_media":0,"parent":0,"menu_order":0,"comment_status":"closed","ping_status":"open","template":"","meta":{"_acf_changed":false,"footnotes":""},"class_list":["post-877","page","type-page","status-publish","hentry"],"acf":[],"_links":{"self":[{"href":"https:\/\/planazos.miramarcc.com\/en\/wp-json\/wp\/v2\/pages\/877","targetHints":{"allow":["GET"]}}],"collection":[{"href":"https:\/\/planazos.miramarcc.com\/en\/wp-json\/wp\/v2\/pages"}],"about":[{"href":"https:\/\/planazos.miramarcc.com\/en\/wp-json\/wp\/v2\/types\/page"}],"author":[{"embeddable":true,"href":"https:\/\/planazos.miramarcc.com\/en\/wp-json\/wp\/v2\/users\/1"}],"replies":[{"embeddable":true,"href":"https:\/\/planazos.miramarcc.com\/en\/wp-json\/wp\/v2\/comments?post=877"}],"version-history":[{"count":3,"href":"https:\/\/planazos.miramarcc.com\/en\/wp-json\/wp\/v2\/pages\/877\/revisions"}],"predecessor-version":[{"id":880,"href":"https:\/\/planazos.miramarcc.com\/en\/wp-json\/wp\/v2\/pages\/877\/revisions\/880"}],"wp:attachment":[{"href":"https:\/\/planazos.miramarcc.com\/en\/wp-json\/wp\/v2\/media?parent=877"}],"curies":[{"name":"wp","href":"https:\/\/api.w.org\/{rel}","templated":true}]}}