{"id":870,"date":"2024-07-16T22:05:25","date_gmt":"2024-07-16T20:05:25","guid":{"rendered":"https:\/\/planazos.miramarcc.com\/legal-notice\/"},"modified":"2024-09-18T18:27:02","modified_gmt":"2024-09-18T16:27:02","slug":"legal-notice","status":"publish","type":"page","link":"https:\/\/planazos.miramarcc.com\/en\/legal-notice\/","title":{"rendered":"Legal Notice"},"content":{"rendered":"\t\t<div data-elementor-type=\"wp-page\" data-elementor-id=\"870\" class=\"elementor elementor-870 elementor-655\">\n\t\t\t\t<div class=\"elementor-element elementor-element-5e7e1e3 e-flex e-con-boxed wpr-particle-no wpr-jarallax-no wpr-parallax-no wpr-sticky-section-no e-con e-parent\" data-id=\"5e7e1e3\" data-element_type=\"container\" data-e-type=\"container\">\n\t\t\t\t\t<div class=\"e-con-inner\">\n\t\t\t\t<div class=\"elementor-element elementor-element-84818f6 elementor-widget elementor-widget-heading\" data-id=\"84818f6\" data-element_type=\"widget\" data-e-type=\"widget\" data-widget_type=\"heading.default\">\n\t\t\t\t<div class=\"elementor-widget-container\">\n\t\t\t\t\t<h1 class=\"elementor-heading-title elementor-size-default\">Legal Notice<\/h1>\t\t\t\t<\/div>\n\t\t\t\t<\/div>\n\t\t\t\t<div class=\"elementor-element elementor-element-5bc9150 elementor-widget elementor-widget-text-editor\" data-id=\"5bc9150\" data-element_type=\"widget\" data-e-type=\"widget\" data-widget_type=\"text-editor.default\">\n\t\t\t\t<div class=\"elementor-widget-container\">\n\t\t\t\t\t\t\t\t\t<p><strong>Welcome <\/strong><\/p>\n<p>La COMUNIDAD DE PROPIETARIOS CENTRO COMERCIAL MIRAMAR (en adelante, CENTRO COMERCIAL MIRAMAR).te da la bienvenida y te invita a leer el presente Aviso Legal que describe los t\u00e9rminos y condiciones que ser\u00e1n aplicables a tu navegaci\u00f3n por el sitio web, de conformidad con lo establecido en la normativa aplicable. Te recomendamos que visites peri\u00f3dicamente este contenido para estar debidamente informado de los cambios que, en su caso, se produzcan.<\/p>\n<\/p>\n<p><strong>TITULAR DEL SITIO WEB<\/strong><\/p>\n<p>En cumplimiento de lo previsto en el art\u00edculo 10 de la Ley 34\/2002, de 11 de julio, de Servicios de la Sociedad de la Informaci\u00f3n y Comercio Electr\u00f3nico (LSSICE), se informa al Usuario que la titularidad del sitio web pertenece a:<\/p>\n<ul>\n<li>Raz\u00f3n social: COMUNIDAD DE PROPIETARIOS CENTRO COMERCIAL MIRAMAR (CENTRO COMERCIAL MIRAMAR).<\/li>\n<li>N.I.F.: H-92.535.319<\/li>\n<li>Domicilio social: Avenida de la Encarnaci\u00f3n s\/n, CP 29640, Fuengirola, M\u00e1laga (Espa\u00f1a)<\/li>\n<li>Tel\u00e9fono: 952 19 81 95.<\/li>\n<li>Fax: 952 19 74 83.<\/li>\n<li>e-mail: <a href=\"mailto:comunicacion@miramarcc.com\">comunicacion@miramarcc.com<\/a><\/li>\n<\/ul>\n<p><strong>OBJETO<\/strong><\/p>\n<p>CENTRO COMERCIAL MIRAMAR ofrece el contenido y los servicios que est\u00e1n disponibles en el sitio web, con sujeci\u00f3n al presente Aviso Legal, as\u00ed como a la pol\u00edtica sobre tratamiento de datos personales (en adelante, la \u201cPol\u00edtica Privacidad\u201d). El acceso a este sitio web o su utilizaci\u00f3n en cualquier forma le otorga la calificaci\u00f3n de \u201cUsuario\u201d e implica la aceptaci\u00f3n sin reservas del presente Aviso Legal. <\/p>\n<\/p>\n<p><strong>PRIVACIDAD Y TRATAMIENTO DE DATOS PERSONALES<\/strong><\/p>\n<p>El Usuario puede visitar este sitio web sin necesidad de facilitar ning\u00fan dato de car\u00e1cter personal; no obstante, existen diversas opciones o formularios en los que se recaban y tratan datos de car\u00e1cter personal. Cuando para el acceso a determinados contenidos o servicios sea necesario facilitar datos de car\u00e1cter personal, los Usuarios garantizar\u00e1n su veracidad, exactitud, autenticidad y vigencia. CENTRO COMERCIAL MIRAMAR cuenta con procedimientos internos para garantizar el cumplimiento de las obligaciones establecidas en el Reglamento (UE) 2016\/679 del Parlamento Europeo y del Consejo, de 27 de abril de 2016, relativo a la protecci\u00f3n de las personas f\u00edsicas en lo que respecta al tratamiento de datos personales y a la libre circulaci\u00f3n de estos datos (RGPD), as\u00ed como las previsiones de la normativa nacional aplicable en materia de protecci\u00f3n de datos. Puedes consultar toda la informaci\u00f3n sobre c\u00f3mo tratamos los datos recabados a trav\u00e9s del presente sitio web, accediendo a nuestra <u><a href=\"https:\/\/planazos.miramarcc.com\/wp-content\/uploads\/2024\/07\/POLITICA-DE-PRIVACIDAD_Marketplace.pdf\">Pol\u00edtica de Privacidad.<\/a><\/u>   <\/p>\n<\/p>\n<p><strong> USO DE COOKIES<\/strong><\/p>\n<p>Una cookie es un fichero que se descarga en el equipo del Usuario al acceder a determinadas p\u00e1ginas web. Las cookies permiten a un sitio web, entre otras cosas, almacenar y recuperar informaci\u00f3n sobre los h\u00e1bitos de navegaci\u00f3n de un equipo y, dependiendo de la informaci\u00f3n que contengan, podr\u00edan utilizarse para reconocer al Usuario. Puedes consultar la informaci\u00f3n sobre el tipo de cookies que utilizamos, accediendo a nuestra <u>Pol\u00edtica de Cookies<\/u>.  <\/p>\n<\/p>\n<p><strong>PROPIEDAD INDUSTRIAL E INTELECTUAL<\/strong><\/p>\n<p>El Usuario reconoce y acepta que todos los contenidos que se muestran en el sitio web y en especial, dise\u00f1os, textos, im\u00e1genes, logos, iconos, botones, software, nombres comerciales, marcas, o cualesquiera otros signos susceptibles de utilizaci\u00f3n industrial y\/o comercial est\u00e1n sujetos a derechos de Propiedad Intelectual y todas las marcas, nombres comerciales o signos distintivos, todos los derechos de propiedad industrial e intelectual, sobre los contenidos y\/o cualesquiera otros elementos insertados en el p\u00e1gina, que son propiedad exclusiva de CENTRO COMERCIAL MIRAMAR y\/o de terceros, quienes tienen el derecho exclusivo de utilizarlos en el tr\u00e1fico econ\u00f3mico. Por todo ello el Usuario se compromete a no reproducir, copiar, distribuir, poner a disposici\u00f3n o de cualquier otra forma comunicar p\u00fablicamente, transformar o modificar tales contenidos manteniendo indemne a CENTRO COMERCIAL MIRAMAR de cualquier reclamaci\u00f3n que se derive del incumplimiento de tales obligaciones. En ning\u00fan caso el acceso al Sitio Web implica ning\u00fan tipo de renuncia, transmisi\u00f3n, licencia o cesi\u00f3n total ni parcial de dichos derechos, salvo que se establezca expresamente lo contrario. El presente Aviso Legal del Sitio Web no confiere a los Usuarios ning\u00fan otro derecho de utilizaci\u00f3n, alteraci\u00f3n, explotaci\u00f3n, reproducci\u00f3n, distribuci\u00f3n o comunicaci\u00f3n p\u00fablica del Sitio Web y\/o de sus Contenidos distintos de los aqu\u00ed expresamente previstos. Cualquier otro uso o explotaci\u00f3n de cualesquiera derechos estar\u00e1 sujeto a la previa y expresa autorizaci\u00f3n espec\u00edficamente otorgada a tal efecto por CENTRO COMERCIAL MIRAMAR o el tercero titular de los derechos afectados.    <\/p>\n<p>Los contenidos, textos, fotograf\u00edas, dise\u00f1os, logotipos, im\u00e1genes, programas de ordenador, c\u00f3digos fuente y, en general, cualquier creaci\u00f3n intelectual existente en este sitio, as\u00ed como el propio sitio en su conjunto, como obra art\u00edstica multimedia, est\u00e1n protegidos como derechos de autor por la legislaci\u00f3n en materia de propiedad intelectual. CENTRO COMERCIAL MIRAMAR es titular de los elementos que integran el dise\u00f1o gr\u00e1fico del sitio web, lo men\u00fas, botones de navegaci\u00f3n, el c\u00f3digo HTML, los textos, im\u00e1genes, texturas, gr\u00e1ficos y cualquier otro contenido del Sitio Web o, en cualquier caso, dispone de la correspondiente autorizaci\u00f3n para la utilizaci\u00f3n de dichos elementos. <\/p>\n<p>Asimismo, queda prohibido suprimir, eludir y\/o manipular el &#8220;copyright&#8221; as\u00ed como los dispositivos t\u00e9cnicos de protecci\u00f3n, o cualesquiera mecanismos de informaci\u00f3n que pudieren contener los contenidos. El Usuario de este Sitio Web se compromete a respetar los derechos enunciados y a evitar cualquier actuaci\u00f3n que pudiera perjudicarlos, reserv\u00e1ndose en todo caso CENTRO COMERCIAL MIRAMAR el ejercicio de cuantos medios o acciones legales le correspondan en defensa de sus leg\u00edtimos derechos de propiedad intelectual e industrial. <\/p>\n<\/p>\n<p><strong>HIPERV\u00cdNCULOS<\/strong><\/p>\n<p>El sitio web de CENTRO COMERCIAL MIRAMAR puede incluir enlaces a otros sitios web gestionados por terceros, con objeto de facilitar el acceso del Usuario a la informaci\u00f3n de empresas colaboradoras y\/o patrocinadoras. Conforme con ello, CENTRO COMERCIAL MIRAMAR no se responsabiliza del contenido de dichos sitios web, ni se sit\u00faa en una posici\u00f3n de garante ni de parte ofertante de los servicios y\/o informaci\u00f3n que se puedan ofrecer a trav\u00e9s de los enlaces de terceros. <\/p>\n<p>En el caso de que el presente sitio web incluya v\u00ednculos a sitios web de terceros, el Usuario pasar\u00e1 a estar regido por los T\u00e9rminos de Uso y Pol\u00edtica de Privacidad del nuevo sitio web, aceptando que CENTRO COMERCIAL MIRAMAR no ser\u00e1 responsable ni tendr\u00e1 obligaci\u00f3n legal por el uso de tales sitios. No obstante, y en cumplimiento de lo dispuesto en el art. 11 y 16 de la Ley 34\/2002, de 11 de julio, de Servicios de la Sociedad de la Informaci\u00f3n y Comercio Electr\u00f3nico (LSSI-CE), el prestador se pone a disposici\u00f3n de los usuarios, autoridades y fuerzas de seguridad, colaborando de forma activa en la retirada o en su caso bloqueo de todos aquellos contenidos que pudieran afectar o contravenir la legislaci\u00f3n nacional o internacional, derechos de terceros o la moral y el orden p\u00fablico. En caso de que el Usuario considere que existe en el sitio web alg\u00fan contenido que pudiera ser susceptible de esta clasificaci\u00f3n, se ruega nos lo notifique de forma inmediata.   <\/p>\n<p>Se concede al Usuario un derecho limitado, revocable y no exclusivo a crear enlaces al sitio web, exclusivamente para uso privado y no comercial, salvo que se hubiera autorizado de manera expresa el uso con fines comerciales.<\/p>\n<\/p>\n<\/p>\n<p><strong>RESPONSABILIDADES <\/strong><\/p>\n<p>El Usuario se compromete a:<\/p>\n<p>Hacer un uso adecuado y l\u00edcito del sitio web, as\u00ed como de los contenidos y servicios, de conformidad con:<\/p>\n<ul>\n<li>la legislaci\u00f3n aplicable en cada momento;<\/li>\n<li>las Condiciones Generales de Uso del Sitio Web;<\/li>\n<li>la moral y buenas costumbres generalmente aceptadas y<\/li>\n<li>el orden p\u00fablico.<\/li>\n<\/ul>\n<p>Proveerse de todos los medios y requerimientos t\u00e9cnicos que se precisen para acceder al Sitio Web.<\/p>\n<p>Facilitar informaci\u00f3n veraz al aportar sus datos de car\u00e1cter personal a los formularios contenidos en el Sitio Web y a mantenerlos actualizados en todo momento de forma que responda, en cada momento, a la situaci\u00f3n real del Usuario. El Usuario ser\u00e1 el \u00fanico responsable de las manifestaciones falsas o inexactas que realice y de los perjuicios que cause a CENTRO COMERCIAL MIRAMAR o a terceros por la informaci\u00f3n que facilite. <\/p>\n<p>El Usuario deber\u00e1 asimismo abstenerse de:<\/p>\n<ul>\n<li>Hacer un uso no autorizado o fraudulento del Sitio Web y\/o de los contenidos con fines o efectos il\u00edcitos, prohibidos en las presentes Condiciones Generales de Uso, lesivos de los derechos e intereses de terceros, o que de cualquier forma puedan da\u00f1ar, inutilizar, sobrecargar, deteriorar o impedir la normal utilizaci\u00f3n de los servicios o los documentos, archivos y toda clase de contenidos almacenados en cualquier equipo inform\u00e1tico.<\/li>\n<li>Provocar da\u00f1os en los sistemas f\u00edsicos o l\u00f3gicos del Sitio Web, de sus proveedores o de terceros.<\/li>\n<li>Introducir o difundir en la red virus inform\u00e1ticos o cualesquiera otros sistemas f\u00edsicos o l\u00f3gicos que sean susceptibles de provocar da\u00f1os en los sistemas f\u00edsicos o l\u00f3gicos de CENTRO COMERCIAL MIRAMAR, de sus proveedores o de terceros.<\/li>\n<li>Intentar acceder, utilizar y\/o manipular los datos de CENTRO COMERCIAL MIRAMAR, terceros proveedores y otros Usuarios.<\/li>\n<li>Reproducir o copiar, distribuir, permitir el acceso del p\u00fablico a trav\u00e9s de cualquier modalidad de comunicaci\u00f3n p\u00fablica, transformar o modificar los contenidos, a menos que se cuente con la autorizaci\u00f3n del titular de los correspondientes derechos o ello resulte legalmente permitido.<\/li>\n<li>Suprimir, ocultar o manipular las notas sobre derechos de propiedad intelectual o industrial y dem\u00e1s datos identificativos de los derechos de CENTRO COMERCIAL MIRAMAR o de terceros incorporados a los contenidos, as\u00ed como los dispositivos t\u00e9cnicos de protecci\u00f3n o cualesquiera mecanismos de informaci\u00f3n que puedan insertarse en los contenidos.<\/li>\n<\/ul>\n<p>Si para acceder a algunos de los servicios y\/o contenidos del sitio web, se generase alg\u00fan tipo de credencia o contrase\u00f1a, el Usuario se compromete a usarla de manera diligente, manteni\u00e9ndola en todo momento en secreto. En consecuencia, ser\u00e1 responsable de su adecuada custodia y confidencialidad, comprometi\u00e9ndose a no cederla a terceros, de manera temporal o permanente, ni a permitir el acceso a los mencionados servicios y\/o contenidos por parte de personas ajenas. Igualmente, se obliga a notificar a CENTRO COMERCIAL MIRAMAR cualquier hecho que pueda suponer un uso indebido de su contrase\u00f1a, como, a t\u00edtulo enunciativo, su robo, extrav\u00edo o el acceso no autorizado, con el fin de proceder a su inmediata cancelaci\u00f3n. En consecuencia, mientras no efect\u00fae la notificaci\u00f3n anterior, CENTRO COMERCIAL MIRAMAR quedar\u00e1 eximida de cualquier responsabilidad que pudiera derivarse del uso indebido de su contrase\u00f1a, siendo de su responsabilidad cualquier utilizaci\u00f3n il\u00edcita de los contenidos y\/o servicios del Sitio Web por cualquier tercero ileg\u00edtimo.   <\/p>\n<p>CENTRO COMERCIAL MIRAMAR no ser\u00e1 responsable de los perjuicios que se pudieran derivar, entre otros, de:<\/p>\n<ul>\n<li>interferencias, interrupciones, fallos, omisiones, aver\u00edas telef\u00f3nicas, retrasos, bloqueos o desconexiones en el funcionamiento del sistema electr\u00f3nico, motivadas por deficiencias, sobrecargas y errores en las l\u00edneas y redes de telecomunicaciones, o por cualquier otra causa ajena al control de CENTRO COMERCIAL MIRAMAR.<\/li>\n<li>intromisiones ileg\u00edtimas mediante el uso de programas malignos de cualquier tipo y a trav\u00e9s de cualquier medio de comunicaci\u00f3n, tales como virus inform\u00e1ticos o cualesquiera otros.<\/li>\n<li>abuso indebido o inadecuado del Sitio Web.<\/li>\n<li>errores de seguridad o navegaci\u00f3n producidos por un mal funcionamiento del navegador o por el uso de versiones no actualizadas del mismo. Los administradores de CENTRO COMERCIAL MIRAMAR se reservan el derecho de retirar, total o parcialmente, cualquier contenido o informaci\u00f3n presente en el Sitio Web. <\/li>\n<\/ul>\n<p><strong>SEGURIDAD<\/strong><\/p>\n<p>CENTRO COMERCIAL MIRAMAR utiliza tecnolog\u00edas adecuadas al estado de la t\u00e9cnica actual, para proteger sus datos e informaciones personales y nuestra p\u00e1gina web se almacena en servidores seguros protegidos contra los tipos de ataques m\u00e1s habituales. CENTRO COMERCIAL MIRAMAR ha adoptado las medidas de \u00edndole t\u00e9cnica y organizativa que garantizan la seguridad de los datos de car\u00e1cter personal y evitan su alteraci\u00f3n, p\u00e9rdida, tratamiento o acceso no autorizado, habida cuenta del estado de la tecnolog\u00eda, la naturaleza de los datos almacenados y los riesgos a que est\u00e9n expuestos. <\/p>\n<\/p>\n<p><strong>FUERZA MAYOR<\/strong><\/p>\n<p>CENTRO COMERCIAL MIRAMAR no ser\u00e1 responsable en caso de imposibilidad de prestar el servicio, si la causa se debe a interrupciones prolongadas del suministro el\u00e9ctrico, l\u00edneas de telecomunicaciones, conflictos sociales, huelgas, rebeli\u00f3n, explosiones, inundaciones, actos y omisiones del Gobierno, y en general todos los supuestos de fuerza mayor o de caso fortuito.<\/p>\n<\/p>\n<p><strong> RESOLUCI\u00d3N DE CONTROVERSIAS. LEY APLICABLE Y JURISDICCI\u00d3N  <\/strong><\/p>\n<p>En el supuesto de que cualquier estipulaci\u00f3n del presente Aviso Legal resultara inexigible o nula en virtud de la legislaci\u00f3n aplicable o como consecuencia de una resoluci\u00f3n judicial o administrativa, dicha inexigibilidad o nulidad no har\u00e1 que el presente Aviso Legal resulte inexigible o nulos en su conjunto. En dichos casos, CENTRO COMERCIAL MIRAMAR proceder\u00e1 a la modificaci\u00f3n o sustituci\u00f3n de dicha estipulaci\u00f3n por otra que sea v\u00e1lida y exigible y que, en la medida de lo posible, consiga el objetivo y pretensi\u00f3n reflejados en la estipulaci\u00f3n original. <\/p>\n<p>Para la resoluci\u00f3n de todas las controversias o cuestiones relacionadas con el presente sitio web o de las actividades en \u00e9l desarrolladas, ser\u00e1 de aplicaci\u00f3n la legislaci\u00f3n espa\u00f1ola, a la que se someten expresamente las partes, siendo competentes para la resoluci\u00f3n de todos los conflictos derivados o relacionados con su uso los Juzgados y Tribunales de la ciudad de M\u00e1laga, salvo que el usuario tenga la condici\u00f3n de consumidor, en cuyo caso ser\u00e1n competentes los Juzgados y Tribunales del domicilio del consumidor. <\/p>\n<\/p>\n<p>Fecha de la \u00faltima actualizaci\u00f3n: Julio 2024<\/p>\n\t\t\t\t\t\t\t\t<\/div>\n\t\t\t\t<\/div>\n\t\t\t\t\t<\/div>\n\t\t\t\t<\/div>\n\t\t\t\t<\/div>\n\t\t","protected":false},"excerpt":{"rendered":"<p>Legal Notice Welcome La COMUNIDAD DE PROPIETARIOS CENTRO COMERCIAL MIRAMAR (en adelante, CENTRO COMERCIAL MIRAMAR).te da la bienvenida y te invita a leer el presente Aviso Legal que describe los t\u00e9rminos y condiciones que ser\u00e1n aplicables a tu navegaci\u00f3n por el sitio web, de conformidad con lo establecido en la normativa aplicable. Te recomendamos que visites peri\u00f3dicamente este contenido para estar debidamente informado de los cambios que, en su caso, se produzcan. TITULAR DEL SITIO WEB En cumplimiento de lo previsto en el art\u00edculo 10 de la Ley 34\/2002, de 11 de julio, de Servicios de la Sociedad de la Informaci\u00f3n y Comercio Electr\u00f3nico (LSSICE), se informa al Usuario que la titularidad del sitio web pertenece a: Raz\u00f3n social: COMUNIDAD DE PROPIETARIOS CENTRO COMERCIAL MIRAMAR (CENTRO COMERCIAL MIRAMAR). N.I.F.: H-92.535.319 Domicilio social: Avenida de la Encarnaci\u00f3n s\/n, CP 29640, Fuengirola, M\u00e1laga (Espa\u00f1a) Tel\u00e9fono: 952 19 81 95. Fax: 952 19 74 83. e-mail: comunicacion@miramarcc.com OBJETO CENTRO COMERCIAL MIRAMAR ofrece el contenido y los servicios que est\u00e1n disponibles en el sitio web, con sujeci\u00f3n al presente Aviso Legal, as\u00ed como a la pol\u00edtica sobre tratamiento de datos personales (en adelante, la \u201cPol\u00edtica Privacidad\u201d). El acceso a este sitio web o su utilizaci\u00f3n en cualquier forma le otorga la calificaci\u00f3n de \u201cUsuario\u201d e implica la aceptaci\u00f3n sin reservas del presente Aviso Legal. PRIVACIDAD Y TRATAMIENTO DE DATOS PERSONALES El Usuario puede visitar este sitio web sin necesidad de facilitar ning\u00fan dato de car\u00e1cter personal; no obstante, existen diversas opciones o formularios en los que se recaban y tratan datos de car\u00e1cter personal. Cuando para el acceso a determinados contenidos o servicios sea necesario facilitar datos de car\u00e1cter personal, los Usuarios garantizar\u00e1n su veracidad, exactitud, autenticidad y vigencia. CENTRO COMERCIAL MIRAMAR cuenta con procedimientos internos para garantizar el cumplimiento de las obligaciones establecidas en el Reglamento (UE) 2016\/679 del Parlamento Europeo y del Consejo, de 27 de abril de 2016, relativo a la protecci\u00f3n de las personas f\u00edsicas en lo que respecta al tratamiento de datos personales y a la libre circulaci\u00f3n de estos datos (RGPD), as\u00ed como las previsiones de la normativa nacional aplicable en materia de protecci\u00f3n de datos. Puedes consultar toda la informaci\u00f3n sobre c\u00f3mo tratamos los datos recabados a trav\u00e9s del presente sitio web, accediendo a nuestra Pol\u00edtica de Privacidad. USO DE COOKIES Una cookie es un fichero que se descarga en el equipo del Usuario al acceder a determinadas p\u00e1ginas web. Las cookies permiten a un sitio web, entre otras cosas, almacenar y recuperar informaci\u00f3n sobre los h\u00e1bitos de navegaci\u00f3n de un equipo y, dependiendo de la informaci\u00f3n que contengan, podr\u00edan utilizarse para reconocer al Usuario. Puedes consultar la informaci\u00f3n sobre el tipo de cookies que utilizamos, accediendo a nuestra Pol\u00edtica de Cookies. PROPIEDAD INDUSTRIAL E INTELECTUAL El Usuario reconoce y acepta que todos los contenidos que se muestran en el sitio web y en especial, dise\u00f1os, textos, im\u00e1genes, logos, iconos, botones, software, nombres comerciales, marcas, o cualesquiera otros signos susceptibles de utilizaci\u00f3n industrial y\/o comercial est\u00e1n sujetos a derechos de Propiedad Intelectual y todas las marcas, nombres comerciales o signos distintivos, todos los derechos de propiedad industrial e intelectual, sobre los contenidos y\/o cualesquiera otros elementos insertados en el p\u00e1gina, que son propiedad exclusiva de CENTRO COMERCIAL MIRAMAR y\/o de terceros, quienes tienen el derecho exclusivo de utilizarlos en el tr\u00e1fico econ\u00f3mico. Por todo ello el Usuario se compromete a no reproducir, copiar, distribuir, poner a disposici\u00f3n o de cualquier otra forma comunicar p\u00fablicamente, transformar o modificar tales contenidos manteniendo indemne a CENTRO COMERCIAL MIRAMAR de cualquier reclamaci\u00f3n que se derive del incumplimiento de tales obligaciones. En ning\u00fan caso el acceso al Sitio Web implica ning\u00fan tipo de renuncia, transmisi\u00f3n, licencia o cesi\u00f3n total ni parcial de dichos derechos, salvo que se establezca expresamente lo contrario. El presente Aviso Legal del Sitio Web no confiere a los Usuarios ning\u00fan otro derecho de utilizaci\u00f3n, alteraci\u00f3n, explotaci\u00f3n, reproducci\u00f3n, distribuci\u00f3n o comunicaci\u00f3n p\u00fablica del Sitio Web y\/o de sus Contenidos distintos de los aqu\u00ed expresamente previstos. Cualquier otro uso o explotaci\u00f3n de cualesquiera derechos estar\u00e1 sujeto a la previa y expresa autorizaci\u00f3n espec\u00edficamente otorgada a tal efecto por CENTRO COMERCIAL MIRAMAR o el tercero titular de los derechos afectados. Los contenidos, textos, fotograf\u00edas, dise\u00f1os, logotipos, im\u00e1genes, programas de ordenador, c\u00f3digos fuente y, en general, cualquier creaci\u00f3n intelectual existente en este sitio, as\u00ed como el propio sitio en su conjunto, como obra art\u00edstica multimedia, est\u00e1n protegidos como derechos de autor por la legislaci\u00f3n en materia de propiedad intelectual. CENTRO COMERCIAL MIRAMAR es titular de los elementos que integran el dise\u00f1o gr\u00e1fico del sitio web, lo men\u00fas, botones de navegaci\u00f3n, el c\u00f3digo HTML, los textos, im\u00e1genes, texturas, gr\u00e1ficos y cualquier otro contenido del Sitio Web o, en cualquier caso, dispone de la correspondiente autorizaci\u00f3n para la utilizaci\u00f3n de dichos elementos. Asimismo, queda prohibido suprimir, eludir y\/o manipular el &#8220;copyright&#8221; as\u00ed como los dispositivos t\u00e9cnicos de protecci\u00f3n, o cualesquiera mecanismos de informaci\u00f3n que pudieren contener los contenidos. El Usuario de este Sitio Web se compromete a respetar los derechos enunciados y a evitar cualquier actuaci\u00f3n que pudiera perjudicarlos, reserv\u00e1ndose en todo caso CENTRO COMERCIAL MIRAMAR el ejercicio de cuantos medios o acciones legales le correspondan en defensa de sus leg\u00edtimos derechos de propiedad intelectual e industrial. HIPERV\u00cdNCULOS El sitio web de CENTRO COMERCIAL MIRAMAR puede incluir enlaces a otros sitios web gestionados por terceros, con objeto de facilitar el acceso del Usuario a la informaci\u00f3n de empresas colaboradoras y\/o patrocinadoras. Conforme con ello, CENTRO COMERCIAL MIRAMAR no se responsabiliza del contenido de dichos sitios web, ni se sit\u00faa en una posici\u00f3n de garante ni de parte ofertante de los servicios y\/o informaci\u00f3n que se puedan ofrecer a trav\u00e9s de los enlaces de terceros. En el caso de que el presente sitio web incluya v\u00ednculos a sitios web de terceros, el Usuario pasar\u00e1 a estar regido por los T\u00e9rminos de Uso y Pol\u00edtica de Privacidad del nuevo sitio web, aceptando que CENTRO COMERCIAL MIRAMAR no ser\u00e1 responsable ni tendr\u00e1 obligaci\u00f3n legal por el<\/p>\n","protected":false},"author":1,"featured_media":0,"parent":0,"menu_order":0,"comment_status":"closed","ping_status":"closed","template":"","meta":{"_acf_changed":false,"footnotes":""},"class_list":["post-870","page","type-page","status-publish","hentry"],"acf":[],"_links":{"self":[{"href":"https:\/\/planazos.miramarcc.com\/en\/wp-json\/wp\/v2\/pages\/870","targetHints":{"allow":["GET"]}}],"collection":[{"href":"https:\/\/planazos.miramarcc.com\/en\/wp-json\/wp\/v2\/pages"}],"about":[{"href":"https:\/\/planazos.miramarcc.com\/en\/wp-json\/wp\/v2\/types\/page"}],"author":[{"embeddable":true,"href":"https:\/\/planazos.miramarcc.com\/en\/wp-json\/wp\/v2\/users\/1"}],"replies":[{"embeddable":true,"href":"https:\/\/planazos.miramarcc.com\/en\/wp-json\/wp\/v2\/comments?post=870"}],"version-history":[{"count":1,"href":"https:\/\/planazos.miramarcc.com\/en\/wp-json\/wp\/v2\/pages\/870\/revisions"}],"predecessor-version":[{"id":871,"href":"https:\/\/planazos.miramarcc.com\/en\/wp-json\/wp\/v2\/pages\/870\/revisions\/871"}],"wp:attachment":[{"href":"https:\/\/planazos.miramarcc.com\/en\/wp-json\/wp\/v2\/media?parent=870"}],"curies":[{"name":"wp","href":"https:\/\/api.w.org\/{rel}","templated":true}]}}